{"id":1291,"date":"2019-02-13T16:01:21","date_gmt":"2019-02-13T19:01:21","guid":{"rendered":"https:\/\/isfd816-chu.infd.edu.ar\/sitio\/?page_id=1291"},"modified":"2022-03-02T22:29:57","modified_gmt":"2022-03-03T01:29:57","slug":"diseno-curricular-prof-economia","status":"publish","type":"page","link":"https:\/\/isfd816-chu.infd.edu.ar\/sitio\/diseno-curricular-prof-economia\/","title":{"rendered":"Dise\u00f1o curricular Prof. Econom\u00eda (2019)"},"content":{"rendered":"<p>Dise\u00f1o curricular 2019<\/p>\n<p><a href=\"https:\/\/drive.google.com\/file\/d\/18_X-Z-joNmvKxC_DPXTpieg9Z9twa2lt\/view?usp=sharing\">Descargar material<\/a><\/p>\n","protected":false},"excerpt":{"rendered":"<p>Dise\u00f1o curricular 2019 Descargar material<\/p>\n","protected":false},"author":1698,"featured_media":732,"parent":0,"menu_order":-1,"comment_status":"closed","ping_status":"closed","template":"","meta":[],"acf":[],"_links":{"self":[{"href":"https:\/\/isfd816-chu.infd.edu.ar\/sitio\/wp-json\/wp\/v2\/pages\/1291"}],"collection":[{"href":"https:\/\/isfd816-chu.infd.edu.ar\/sitio\/wp-json\/wp\/v2\/pages"}],"about":[{"href":"https:\/\/isfd816-chu.infd.edu.ar\/sitio\/wp-json\/wp\/v2\/types\/page"}],"author":[{"embeddable":true,"href":"https:\/\/isfd816-chu.infd.edu.ar\/sitio\/wp-json\/wp\/v2\/users\/1698"}],"replies":[{"embeddable":true,"href":"https:\/\/isfd816-chu.infd.edu.ar\/sitio\/wp-json\/wp\/v2\/comments?post=1291"}],"version-history":[{"count":5,"href":"https:\/\/isfd816-chu.infd.edu.ar\/sitio\/wp-json\/wp\/v2\/pages\/1291\/revisions"}],"predecessor-version":[{"id":2006,"href":"https:\/\/isfd816-chu.infd.edu.ar\/sitio\/wp-json\/wp\/v2\/pages\/1291\/revisions\/2006"}],"wp:featuredmedia":[{"embeddable":true,"href":"https:\/\/isfd816-chu.infd.edu.ar\/sitio\/wp-json\/wp\/v2\/media\/732"}],"wp:attachment":[{"href":"https:\/\/isfd816-chu.infd.edu.ar\/sitio\/wp-json\/wp\/v2\/media?parent=1291"}],"curies":[{"name":"wp","href":"https:\/\/api.w.org\/{rel}","templated":true}]}}