{"id":1414,"date":"2022-09-12T14:02:00","date_gmt":"2022-09-12T17:02:00","guid":{"rendered":"https:\/\/isfd816-chu.infd.edu.ar\/sitio\/?page_id=1414"},"modified":"2026-02-28T16:16:46","modified_gmt":"2026-02-28T19:16:46","slug":"tecnicaturas","status":"publish","type":"page","link":"https:\/\/isfd816-chu.infd.edu.ar\/sitio\/tecnicaturas\/","title":{"rendered":"Tecnicaturas"},"content":{"rendered":"\n<p>A continuaci\u00f3n se presentar los Dise\u00f1os Curriculares (DC) de las Tecnicaturas que se dictan en el IES 816, en algunos casos hay m\u00e1s de un DC seg\u00fan la aprobaci\u00f3n de cada Plan de Estudios.<\/p>\n\n\n\n<figure class=\"wp-block-image size-full is-style-default\"><img decoding=\"async\" loading=\"lazy\" width=\"1412\" height=\"155\" src=\"https:\/\/isfd816-chu.infd.edu.ar\/sitio\/wp-content\/uploads\/2025\/03\/icono-Tu.png\" alt=\"\" class=\"wp-image-3132\" srcset=\"https:\/\/isfd816-chu.infd.edu.ar\/sitio\/wp-content\/uploads\/2025\/03\/icono-Tu.png 1412w, https:\/\/isfd816-chu.infd.edu.ar\/sitio\/wp-content\/uploads\/2025\/03\/icono-Tu-1000x110.png 1000w, https:\/\/isfd816-chu.infd.edu.ar\/sitio\/wp-content\/uploads\/2025\/03\/icono-Tu-768x84.png 768w\" sizes=\"(max-width: 1412px) 100vw, 1412px\" \/><\/figure>\n\n\n\n<p><a href=\"https:\/\/drive.google.com\/file\/d\/1ODfYRzQO6BbF_1y4-Vln_ulKf-lemKyy\/view\" data-type=\"URL\" data-id=\"https:\/\/drive.google.com\/file\/d\/1ODfYRzQO6BbF_1y4-Vln_ulKf-lemKyy\/view\"><strong>Descargar Dise\u00f1o Curricular &#8211; 2022<\/strong><\/a><\/p>\n\n\n\n<p>A continuaci\u00f3n, a trav\u00e9s del link, podr\u00e1n acceder a las pautas de implementaci\u00f3n de la Tecnicatura Superior en Turismo para la sede de Paso de Indios. Vale aclarar, que el dise\u00f1o curricular que se utiliza es el del a\u00f1o 2022.<\/p>\n\n\n\n<p><a href=\"https:\/\/drive.google.com\/file\/d\/1-gIkaFXQbq2e8aMw8m2KMH4QLzBuGEu8\/view?usp=sharing\" data-type=\"URL\" data-id=\"https:\/\/drive.google.com\/file\/d\/1-gIkaFXQbq2e8aMw8m2KMH4QLzBuGEu8\/view?usp=sharing\">Link: Pautas de implementaci\u00f3n &#8211; Paso de Indios<\/a><\/p>\n\n\n\n<figure class=\"wp-block-image size-full is-style-default\"><img decoding=\"async\" loading=\"lazy\" width=\"1413\" height=\"148\" src=\"https:\/\/isfd816-chu.infd.edu.ar\/sitio\/wp-content\/uploads\/2025\/03\/icono-TED.png\" alt=\"\" class=\"wp-image-3121\" srcset=\"https:\/\/isfd816-chu.infd.edu.ar\/sitio\/wp-content\/uploads\/2025\/03\/icono-TED.png 1413w, https:\/\/isfd816-chu.infd.edu.ar\/sitio\/wp-content\/uploads\/2025\/03\/icono-TED-1000x105.png 1000w, https:\/\/isfd816-chu.infd.edu.ar\/sitio\/wp-content\/uploads\/2025\/03\/icono-TED-768x80.png 768w\" sizes=\"(max-width: 1413px) 100vw, 1413px\" \/><\/figure>\n\n\n<p><strong><a href=\"https:\/\/drive.google.com\/file\/d\/1t7PKVHmON4jepPHkHkKj_0Ek3IFOGNc6\/view\">Descargar Dise\u00f1o Curricular &#8211; 2023<\/a><\/strong><\/p>\n<div class=\"flex max-w-full flex-col flex-grow\">\n<div class=\"min-h-8 text-message relative flex w-full flex-col items-end gap-2 whitespace-normal break-words text-start [.text-message+&amp;]:mt-5\" dir=\"auto\" data-message-author-role=\"assistant\" data-message-id=\"2912c50d-dcab-46ca-a3ee-e354d98db483\" data-message-model-slug=\"gpt-4o\">\n<div class=\"flex w-full flex-col gap-1 empty:hidden first:pt-[3px]\">\n<div class=\"markdown prose w-full break-words dark:prose-invert light\">\n<p data-start=\"0\" data-end=\"77\" data-is-last-node=\"\" data-is-only-node=\"\">A continuaci\u00f3n, se presenta el dise\u00f1o curricular 2022&nbsp; para su referencia: <a style=\"font-size: revert;\" href=\"https:\/\/drive.google.com\/file\/d\/0B6FdOpj3iyPHTFo0Zzd0Vk1pOTYzdDcyYTYzVXRndzZmVlg0\/view?usp=sharing&amp;resourcekey=0-wnexQ2qbNy0gS8f2wpII8g\">Dise\u00f1o Curricular TED<\/a><\/p>\n<\/div>\n<\/div>\n<\/div>\n<\/div>\n\n\n<figure class=\"wp-block-image size-full is-style-default\"><img decoding=\"async\" loading=\"lazy\" width=\"1412\" height=\"155\" src=\"https:\/\/isfd816-chu.infd.edu.ar\/sitio\/wp-content\/uploads\/2025\/03\/icono-TAP.png\" alt=\"\" class=\"wp-image-3133\" srcset=\"https:\/\/isfd816-chu.infd.edu.ar\/sitio\/wp-content\/uploads\/2025\/03\/icono-TAP.png 1412w, https:\/\/isfd816-chu.infd.edu.ar\/sitio\/wp-content\/uploads\/2025\/03\/icono-TAP-1000x110.png 1000w, https:\/\/isfd816-chu.infd.edu.ar\/sitio\/wp-content\/uploads\/2025\/03\/icono-TAP-768x84.png 768w\" sizes=\"(max-width: 1412px) 100vw, 1412px\" \/><\/figure>\n\n\n\n<p><strong><a href=\"https:\/\/drive.google.com\/file\/d\/1FWjY26jhEgM92Da1NACwmU39tGpUETK1\/view\" data-type=\"URL\" data-id=\"https:\/\/drive.google.com\/file\/d\/1FWjY26jhEgM92Da1NACwmU39tGpUETK1\/view\">Descargar Dise\u00f1o Curricular de la Tecnicatura en ADMINISTRACI\u00d3N P\u00daBLICA con orientaci\u00f3n al Desarrollo Local &#8211; 2015<\/a><\/strong><\/p>\n\n\n\n<p><a href=\"https:\/\/drive.google.com\/file\/d\/1AJ1qLt43b9gnpsU7PsNPWY4pxZIIjbwV\/view?usp=sharing\" data-type=\"URL\" data-id=\"https:\/\/drive.google.com\/file\/d\/1FWjY26jhEgM92Da1NACwmU39tGpUETK1\/view\" target=\"_blank\" rel=\"noreferrer noopener\"><strong>Descargar Dise\u00f1o Curricular de la Tecnicatura en ADMINISTRACI\u00d3N P\u00daBLICA con orientaci\u00f3n al Desarrollo Local &#8211; 2025<\/strong><\/a><\/p>\n\n\n\n<figure class=\"wp-block-image size-full is-style-default\"><img decoding=\"async\" loading=\"lazy\" width=\"1413\" height=\"153\" src=\"https:\/\/isfd816-chu.infd.edu.ar\/sitio\/wp-content\/uploads\/2025\/03\/icono-NAF.png\" alt=\"\" class=\"wp-image-3125\" srcset=\"https:\/\/isfd816-chu.infd.edu.ar\/sitio\/wp-content\/uploads\/2025\/03\/icono-NAF.png 1413w, https:\/\/isfd816-chu.infd.edu.ar\/sitio\/wp-content\/uploads\/2025\/03\/icono-NAF-1000x108.png 1000w, https:\/\/isfd816-chu.infd.edu.ar\/sitio\/wp-content\/uploads\/2025\/03\/icono-NAF-768x83.png 768w\" sizes=\"(max-width: 1413px) 100vw, 1413px\" \/><\/figure>\n\n\n\n<p><a href=\"https:\/\/drive.google.com\/file\/d\/0B6FdOpj3iyPHa2RCZVNRelNibkE\/view?resourcekey=0-k_KI6rITMOIY6R9Xr9QxeQ\" data-type=\"URL\" data-id=\"https:\/\/drive.google.com\/file\/d\/0B6FdOpj3iyPHa2RCZVNRelNibkE\/view?resourcekey=0-k_KI6rITMOIY6R9Xr9QxeQ\"><strong>Descargar Dise\u00f1o Curricular &#8211; 2016<\/strong><\/a><\/p>\n\n\n\n<p><a href=\"https:\/\/drive.google.com\/file\/d\/1b5pSLIqa-vVuDy4YHRP9qtYp8ggjYizF\/view?usp=drive_link\" data-type=\"URL\" data-id=\"https:\/\/drive.google.com\/file\/d\/0B6FdOpj3iyPHa2RCZVNRelNibkE\/view?resourcekey=0-k_KI6rITMOIY6R9Xr9QxeQ\"><strong>Descargar Dise\u00f1o Curricular &#8211; 2025<\/strong><\/a><\/p>\n\n\n\n<h3 class=\"wp-block-heading\">    <\/h3>\n\n\n\n<figure class=\"wp-block-image size-full is-resized is-style-default\"><img decoding=\"async\" loading=\"lazy\" src=\"https:\/\/isfd816-chu.infd.edu.ar\/sitio\/wp-content\/uploads\/2026\/02\/image-1.png\" alt=\"\" class=\"wp-image-3395\" width=\"815\" height=\"135\" srcset=\"https:\/\/isfd816-chu.infd.edu.ar\/sitio\/wp-content\/uploads\/2026\/02\/image-1.png 1253w, https:\/\/isfd816-chu.infd.edu.ar\/sitio\/wp-content\/uploads\/2026\/02\/image-1-1000x166.png 1000w, https:\/\/isfd816-chu.infd.edu.ar\/sitio\/wp-content\/uploads\/2026\/02\/image-1-768x127.png 768w\" sizes=\"(max-width: 815px) 100vw, 815px\" \/><\/figure>\n\n\n\n<h3 class=\"wp-block-heading\">                 <\/h3>\n\n\n\n<h6 class=\"wp-block-heading\"><a href=\"https:\/\/drive.google.com\/file\/d\/1xpnFXrYAtuPIp0_lPUnDVtCOScjko_Da\/view?usp=drive_link\">Descargar Disposici\u00f3n 56-26 SIE- 20<\/a><a rel=\"noreferrer noopener\" href=\"https:\/\/drive.google.com\/file\/d\/1xpnFXrYAtuPIp0_lPUnDVtCOScjko_Da\/view?usp=drive_link\" target=\"_blank\">26<\/a><\/h6>\n\n\n\n<p><a href=\"https:\/\/drive.google.com\/file\/d\/1DvRGdExn9S8S22yW4hECaw0kkcEmIZQa\/view?usp=drive_link\" data-type=\"URL\" data-id=\"https:\/\/drive.google.com\/file\/d\/0B6FdOpj3iyPHa2RCZVNRelNibkE\/view?resourcekey=0-k_KI6rITMOIY6R9Xr9QxeQ\"><strong>Descargar Dise\u00f1o Curricular &#8211; 2025<\/strong><\/a><\/p>\n","protected":false},"excerpt":{"rendered":"<p>A continuaci\u00f3n se presentar los Dise\u00f1os Curriculares (DC) de las Tecnicaturas que se dictan en el IES 816, en algunos casos hay m\u00e1s de un DC seg\u00fan la aprobaci\u00f3n de cada Plan de Estudios. Descargar Dise\u00f1o Curricular &#8211; 2022 A continuaci\u00f3n, a trav\u00e9s del link, podr\u00e1n acceder a las pautas de implementaci\u00f3n de la Tecnicatura &#8230; <a title=\"Tecnicaturas\" class=\"read-more\" href=\"https:\/\/isfd816-chu.infd.edu.ar\/sitio\/tecnicaturas\/\" aria-label=\"More on Tecnicaturas\">[+]<\/a><\/p>\n","protected":false},"author":9,"featured_media":0,"parent":0,"menu_order":0,"comment_status":"closed","ping_status":"closed","template":"","meta":[],"acf":[],"_links":{"self":[{"href":"https:\/\/isfd816-chu.infd.edu.ar\/sitio\/wp-json\/wp\/v2\/pages\/1414"}],"collection":[{"href":"https:\/\/isfd816-chu.infd.edu.ar\/sitio\/wp-json\/wp\/v2\/pages"}],"about":[{"href":"https:\/\/isfd816-chu.infd.edu.ar\/sitio\/wp-json\/wp\/v2\/types\/page"}],"author":[{"embeddable":true,"href":"https:\/\/isfd816-chu.infd.edu.ar\/sitio\/wp-json\/wp\/v2\/users\/9"}],"replies":[{"embeddable":true,"href":"https:\/\/isfd816-chu.infd.edu.ar\/sitio\/wp-json\/wp\/v2\/comments?post=1414"}],"version-history":[{"count":30,"href":"https:\/\/isfd816-chu.infd.edu.ar\/sitio\/wp-json\/wp\/v2\/pages\/1414\/revisions"}],"predecessor-version":[{"id":3416,"href":"https:\/\/isfd816-chu.infd.edu.ar\/sitio\/wp-json\/wp\/v2\/pages\/1414\/revisions\/3416"}],"wp:attachment":[{"href":"https:\/\/isfd816-chu.infd.edu.ar\/sitio\/wp-json\/wp\/v2\/media?parent=1414"}],"curies":[{"name":"wp","href":"https:\/\/api.w.org\/{rel}","templated":true}]}}