{"id":286,"date":"2016-10-31T13:17:59","date_gmt":"2016-10-31T16:17:59","guid":{"rendered":"https:\/\/isfd816-chu.infd.edu.ar\/sitio\/?page_id=286"},"modified":"2026-02-28T22:08:49","modified_gmt":"2026-03-01T01:08:49","slug":"inicio","status":"publish","type":"page","link":"https:\/\/isfd816-chu.infd.edu.ar\/sitio\/","title":{"rendered":"Inicio"},"content":{"rendered":"<div id=\"metaslider-id-1746\" style=\"max-width: 1600px; margin: 0 auto;\" class=\"ml-slider-3-33-0 metaslider metaslider-flex metaslider-1746 ml-slider ms-theme-default nav-hidden\" role=\"region\" aria-roledescription=\"Slideshow\" aria-label=\"Slideshow\">\n    <div id=\"metaslider_container_1746\">\n        <div id=\"metaslider_1746\" class=\"flexslider\">\n            <ul aria-live=\"polite\" class=\"slides\">\n                <li style=\"display: block; width: 100%;\" class=\"slide-1754 ms-image\" aria-roledescription=\"slide\" aria-label=\"slide-1754\"><a href=\"https:\/\/isfd816-chu.infd.edu.ar\/sitio\/ingresantes-2023\/\" target=\"_self\"><img src=\"https:\/\/isfd816-chu.infd.edu.ar\/sitio\/wp-content\/uploads\/2025\/11\/Portada-2-1536x288.png\" height=\"300\" width=\"1600\" alt=\"\" class=\"slider-1746 slide-1754\" title=\"Portada 2\" \/><\/a><\/li>\n            <\/ul>\n        <\/div>\n        \n    <\/div>\n<\/div>\n<p><img decoding=\"async\" loading=\"lazy\" class=\"alignnone size-medium wp-image-3358\" src=\"https:\/\/isfd816-chu.infd.edu.ar\/sitio\/wp-content\/uploads\/2025\/11\/Flyer_Bienvenida_Ingresantes_2026_IES816_v2-1000x1000.png\" alt=\"\" width=\"1000\" height=\"1000\" srcset=\"https:\/\/isfd816-chu.infd.edu.ar\/sitio\/wp-content\/uploads\/2025\/11\/Flyer_Bienvenida_Ingresantes_2026_IES816_v2-1000x1000.png 1000w, https:\/\/isfd816-chu.infd.edu.ar\/sitio\/wp-content\/uploads\/2025\/11\/Flyer_Bienvenida_Ingresantes_2026_IES816_v2-500x500.png 500w, https:\/\/isfd816-chu.infd.edu.ar\/sitio\/wp-content\/uploads\/2025\/11\/Flyer_Bienvenida_Ingresantes_2026_IES816_v2-768x768.png 768w, https:\/\/isfd816-chu.infd.edu.ar\/sitio\/wp-content\/uploads\/2025\/11\/Flyer_Bienvenida_Ingresantes_2026_IES816_v2.png 1080w\" sizes=\"(max-width: 1000px) 100vw, 1000px\" \/><\/p>\n<p>&nbsp;<\/p>\n<p style=\"text-align: center;\"><a href=\"https:\/\/isfd816-chu.infd.edu.ar\/sitio\/inscripciones-2025-documentacion-y-requisitos\/\"> Acceso al link para acceder a los requisitos y documentaci\u00f3n para ingresantes.<\/a><\/p>\n<h3 style=\"text-align: center;\">PREINSCRIPCI\u00d3N 2026<\/h3>\n<div class=\"x11i5rnm xat24cr x1mh8g0r x1vvkbs xtlvy1s x126k92a\" style=\"text-align: center;\">\n<div dir=\"auto\">Compartimos el link de inscripci\u00f3n de la oferta 2025 y el c\u00f3digo QR para acceder a las Inscripciones 2025, que genera el Ministerio de Educaci\u00f3n.<\/div>\n<\/div>\n<div class=\"x11i5rnm xat24cr x1mh8g0r x1vvkbs xtlvy1s x126k92a\" style=\"text-align: center;\">\n<div dir=\"auto\">Inscripci\u00f2n a partir del d\u00eda 17\/11\/2025 hasta ek 15\/12\/2025 se pueden comenzar a inscribir.<\/div>\n<\/div>\n<div dir=\"auto\" style=\"text-align: center;\">\u00a0<\/div>\n<div dir=\"auto\" style=\"text-align: center;\"><img decoding=\"async\" loading=\"lazy\" class=\"\" src=\"https:\/\/static.wixstatic.com\/media\/1ac94d_ed0db6ad3e134f5baf1d2754083659e7~mv2.jpg\/v1\/crop\/x_0,y_0,w_980,h_553,q_85,enc_avif,quality_auto\/1ac94d_ed0db6ad3e134f5baf1d2754083659e7~mv2.jpg\" alt=\"back-3.jpg\" width=\"278\" height=\"157\" \/><\/div>\n<div dir=\"auto\" style=\"text-align: center;\">Acceso a <a href=\"https:\/\/www.dino.gob.ar\/\">DINO <\/a><\/div>\n<h2 style=\"text-align: center;\">Oferta Acad\u00e9mica 2026<\/h2>\n<p style=\"text-align: center;\">Les presentamos nuestra oferta acad\u00e9mica para el a\u00f1o 2026 autorizada por el Ministerio de Educaci\u00f3n.\u00a0<\/p>\n<p style=\"text-align: center;\">Atenci\u00f3n: la preinscripci\u00f3n comienza el 17 de noviembre, a trav\u00e9s de DINO\u00a0<\/p>\n<p style=\"text-align: center;\">\u00a0<\/p>\n<p><img decoding=\"async\" loading=\"lazy\" class=\"alignnone wp-image-3310 size-medium\" src=\"https:\/\/isfd816-chu.infd.edu.ar\/sitio\/wp-content\/uploads\/2025\/11\/Oferta-Academica-2026-2-1000x1000.jpg\" alt=\"\" width=\"1000\" height=\"1000\" srcset=\"https:\/\/isfd816-chu.infd.edu.ar\/sitio\/wp-content\/uploads\/2025\/11\/Oferta-Academica-2026-2-1000x1000.jpg 1000w, https:\/\/isfd816-chu.infd.edu.ar\/sitio\/wp-content\/uploads\/2025\/11\/Oferta-Academica-2026-2-500x500.jpg 500w, https:\/\/isfd816-chu.infd.edu.ar\/sitio\/wp-content\/uploads\/2025\/11\/Oferta-Academica-2026-2-768x768.jpg 768w, https:\/\/isfd816-chu.infd.edu.ar\/sitio\/wp-content\/uploads\/2025\/11\/Oferta-Academica-2026-2.jpg 1080w\" sizes=\"(max-width: 1000px) 100vw, 1000px\" \/><\/p>\n<p>&nbsp;<\/p>\n<h1 style=\"text-align: center;\"><strong>Entre L\u00edneas Superiores \u2013 La Revista Digital<\/strong><\/h1>\n<h4 style=\"text-align: center;\">Les presentamos el segundo n\u00famero de nuestra revista institucional digital<\/h4>\n<p><img decoding=\"async\" loading=\"lazy\" class=\"size-medium wp-image-2911 aligncenter\" src=\"https:\/\/isfd816-chu.infd.edu.ar\/sitio\/wp-content\/uploads\/2024\/09\/Portada-Revista-2-707x1000.png\" alt=\"\" width=\"707\" height=\"1000\" srcset=\"https:\/\/isfd816-chu.infd.edu.ar\/sitio\/wp-content\/uploads\/2024\/09\/Portada-Revista-2-707x1000.png 707w, https:\/\/isfd816-chu.infd.edu.ar\/sitio\/wp-content\/uploads\/2024\/09\/Portada-Revista-2-1343x1900.png 1343w, https:\/\/isfd816-chu.infd.edu.ar\/sitio\/wp-content\/uploads\/2024\/09\/Portada-Revista-2-768x1086.png 768w, https:\/\/isfd816-chu.infd.edu.ar\/sitio\/wp-content\/uploads\/2024\/09\/Portada-Revista-2-1086x1536.png 1086w, https:\/\/isfd816-chu.infd.edu.ar\/sitio\/wp-content\/uploads\/2024\/09\/Portada-Revista-2.png 1414w\" sizes=\"(max-width: 707px) 100vw, 707px\" \/><\/p>\n<p style=\"text-align: center;\"><a href=\"https:\/\/www.calameo.com\/read\/007769901e34b1df022e8\">Ir a Revista<\/a><\/p>\n<div style=\"background-color: rgba(255, 255, 255, 0.5); width: 100%; height: 100%; padding: 10px;\"><style>.wp-show-posts-columns#wpsp-1325 {margin-left: -2m; }.wp-show-posts-columns#wpsp-1325 .wp-show-posts-inner {margin: 0 0 2m 2m; }<\/style><section id=\"wpsp-1325\" class=\" wp-show-posts-columns wp-show-posts\" style=\"\"><article class=\" wp-show-posts-single post-3251 post type-post status-publish format-standard has-post-thumbnail hentry category-llamados category-noticias category-primera-pagina category-sin-categoria tag-administracion-publica tag-educacion-primaria tag-geografia tag-llamados tag-turismo tag-unidades-curriculares wpsp-col-4\" itemtype=\"http:\/\/schema.org\/CreativeWork\" itemscope><div class=\"wp-show-posts-inner\" style=\"\">\t\t\t\t\t\t<header class=\"wp-show-posts-entry-header\">\n\t\t\t\t\t\t\t<h2 class=\"wp-show-posts-entry-title\" itemprop=\"headline\"><a href=\"https:\/\/isfd816-chu.infd.edu.ar\/sitio\/llamado-uc-5\/\" rel=\"bookmark\">Llamado UC<\/a><\/h2><div class=\"wp-show-posts-entry-meta wp-show-posts-entry-meta-below-title post-meta-inline\"><span class=\"wp-show-posts-posted-on wp-show-posts-meta\">\n\t\t\t\t\t<a href=\"https:\/\/isfd816-chu.infd.edu.ar\/sitio\/llamado-uc-5\/\" title=\"7:38 pm\" rel=\"bookmark\"><time class=\"wp-show-posts-entry-date published\" datetime=\"2025-07-21T19:38:22-03:00\" itemprop=\"datePublished\">21 julio, 2025<\/time><time class=\"wp-show-posts-updated\" datetime=\"2025-07-21T19:43:56-03:00\" itemprop=\"dateModified\">21 julio, 2025<\/time><\/a>\n\t\t\t\t<\/span> <span class=\"wp-show-posts-separator\">|<\/span> <span class=\"wp-show-posts-terms wp-show-posts-meta\"><a href=\"https:\/\/isfd816-chu.infd.edu.ar\/sitio\/category\/llamados\/\" rel=\"tag\">Llamados<\/a>, <a href=\"https:\/\/isfd816-chu.infd.edu.ar\/sitio\/category\/noticias\/\" rel=\"tag\">Noticias<\/a>, <a href=\"https:\/\/isfd816-chu.infd.edu.ar\/sitio\/category\/primera-pagina\/\" rel=\"tag\">Primera Pagina<\/a>, <a href=\"https:\/\/isfd816-chu.infd.edu.ar\/sitio\/category\/sin-categoria\/\" rel=\"tag\">Sin categor\u00eda<\/a><\/span><\/div>\t\t\t\t\t\t<\/header><!-- .entry-header -->\n\t\t\t\t\t\t\t<div class=\"wp-show-posts-image  wpsp-image-center \">\n\t\t\t<a href=\"https:\/\/isfd816-chu.infd.edu.ar\/sitio\/llamado-uc-5\/\"  title=\"Llamado UC\">\t\t\t\t\t<img src=\"https:\/\/isfd816-chu.infd.edu.ar\/sitio\/wp-content\/uploads\/2024\/09\/Noticias_amarilla-400x200.png\" alt=\"Llamado UC\" itemprop=\"image\" class=\"center\" \/>\n\t\t\t\t<\/a>\t\t<\/div>\n\t\t\t\t\t\t\t\t<div class=\"wp-show-posts-entry-summary\" itemprop=\"text\">\n\t\t\t\t\t\t\t<p>La Direcci\u00f3n del ISFD N\u00ba816 de la ciudad de Rawson hace el llamado abierto y p\u00fablico para la cobertura de las siguientes Unidades Curriculares del Ciclo lectivo 2025:PROFESORADO DE EDUCACI\u00d3N&#8230;<\/p>\n\t\t\t\t\t\t<\/div><!-- .entry-summary -->\n\t\t\t\t\t<div class=\"wpsp-read-more\"><a title=\"Llamado UC\" class=\"wp-show-posts-read-more\" href=\"https:\/\/isfd816-chu.infd.edu.ar\/sitio\/llamado-uc-5\/\">leer m\u00e1s<\/a><\/div><\/div><!-- wp-show-posts-inner --><\/article><article class=\" wp-show-posts-single post-3253 post type-post status-publish format-standard has-post-thumbnail hentry category-alumnos category-institucionales category-noticias category-primera-pagina category-sin-categoria tag-examen tag-examenes tag-mesas tag-mesas-de-examen tag-unidades-curriculares wpsp-col-4\" itemtype=\"http:\/\/schema.org\/CreativeWork\" itemscope><div class=\"wp-show-posts-inner\" style=\"\">\t\t\t\t\t\t<header class=\"wp-show-posts-entry-header\">\n\t\t\t\t\t\t\t<h2 class=\"wp-show-posts-entry-title\" itemprop=\"headline\"><a href=\"https:\/\/isfd816-chu.infd.edu.ar\/sitio\/mesas-de-examen\/\" rel=\"bookmark\">Mesas de examen<\/a><\/h2><div class=\"wp-show-posts-entry-meta wp-show-posts-entry-meta-below-title post-meta-inline\"><span class=\"wp-show-posts-posted-on wp-show-posts-meta\">\n\t\t\t\t\t<a href=\"https:\/\/isfd816-chu.infd.edu.ar\/sitio\/mesas-de-examen\/\" title=\"7:36 pm\" rel=\"bookmark\"><time class=\"wp-show-posts-entry-date published\" datetime=\"2025-07-21T19:36:00-03:00\" itemprop=\"datePublished\">21 julio, 2025<\/time><time class=\"wp-show-posts-updated\" datetime=\"2025-07-21T19:41:33-03:00\" itemprop=\"dateModified\">21 julio, 2025<\/time><\/a>\n\t\t\t\t<\/span> <span class=\"wp-show-posts-separator\">|<\/span> <span class=\"wp-show-posts-terms wp-show-posts-meta\"><a href=\"https:\/\/isfd816-chu.infd.edu.ar\/sitio\/category\/alumnos\/\" rel=\"tag\">Alumnos<\/a>, <a href=\"https:\/\/isfd816-chu.infd.edu.ar\/sitio\/category\/institucionales\/\" rel=\"tag\">Institucionales<\/a>, <a href=\"https:\/\/isfd816-chu.infd.edu.ar\/sitio\/category\/noticias\/\" rel=\"tag\">Noticias<\/a>, <a href=\"https:\/\/isfd816-chu.infd.edu.ar\/sitio\/category\/primera-pagina\/\" rel=\"tag\">Primera Pagina<\/a>, <a href=\"https:\/\/isfd816-chu.infd.edu.ar\/sitio\/category\/sin-categoria\/\" rel=\"tag\">Sin categor\u00eda<\/a><\/span><\/div>\t\t\t\t\t\t<\/header><!-- .entry-header -->\n\t\t\t\t\t\t\t<div class=\"wp-show-posts-image  wpsp-image-center \">\n\t\t\t<a href=\"https:\/\/isfd816-chu.infd.edu.ar\/sitio\/mesas-de-examen\/\"  title=\"Mesas de examen\">\t\t\t\t\t<img src=\"https:\/\/isfd816-chu.infd.edu.ar\/sitio\/wp-content\/uploads\/2025\/02\/Portada-mesas-de-examen-400x200.png\" alt=\"Mesas de examen\" itemprop=\"image\" class=\"center\" \/>\n\t\t\t\t<\/a>\t\t<\/div>\n\t\t\t\t\t\t\t\t<div class=\"wp-show-posts-entry-summary\" itemprop=\"text\">\n\t\t\t\t\t\t\t<p>Compartimos los d\u00edas y horarios de las mesas de ex\u00e1menes.<\/p>\n\t\t\t\t\t\t<\/div><!-- .entry-summary -->\n\t\t\t\t\t<div class=\"wpsp-read-more\"><a title=\"Mesas de examen\" class=\"wp-show-posts-read-more\" href=\"https:\/\/isfd816-chu.infd.edu.ar\/sitio\/mesas-de-examen\/\">leer m\u00e1s<\/a><\/div><\/div><!-- wp-show-posts-inner --><\/article><article class=\" wp-show-posts-single post-3244 post type-post status-publish format-standard has-post-thumbnail hentry category-noticias category-primera-pagina category-sin-categoria tag-ecoemprende tag-economia tag-feria tag-stand wpsp-col-4\" itemtype=\"http:\/\/schema.org\/CreativeWork\" itemscope><div class=\"wp-show-posts-inner\" style=\"\">\t\t\t\t\t\t<header class=\"wp-show-posts-entry-header\">\n\t\t\t\t\t\t\t<h2 class=\"wp-show-posts-entry-title\" itemprop=\"headline\"><a href=\"https:\/\/isfd816-chu.infd.edu.ar\/sitio\/feria-ecoemprende-2da-edicion\/\" rel=\"bookmark\">Feria EcoEmprende &#8211; 2da edici\u00f3n<\/a><\/h2><div class=\"wp-show-posts-entry-meta wp-show-posts-entry-meta-below-title post-meta-inline\"><span class=\"wp-show-posts-posted-on wp-show-posts-meta\">\n\t\t\t\t\t<a href=\"https:\/\/isfd816-chu.infd.edu.ar\/sitio\/feria-ecoemprende-2da-edicion\/\" title=\"8:34 pm\" rel=\"bookmark\"><time class=\"wp-show-posts-entry-date published\" datetime=\"2025-06-17T20:34:56-03:00\" itemprop=\"datePublished\">17 junio, 2025<\/time><time class=\"wp-show-posts-updated\" datetime=\"2025-06-18T00:36:31-03:00\" itemprop=\"dateModified\">18 junio, 2025<\/time><\/a>\n\t\t\t\t<\/span> <span class=\"wp-show-posts-separator\">|<\/span> <span class=\"wp-show-posts-terms wp-show-posts-meta\"><a href=\"https:\/\/isfd816-chu.infd.edu.ar\/sitio\/category\/noticias\/\" rel=\"tag\">Noticias<\/a>, <a href=\"https:\/\/isfd816-chu.infd.edu.ar\/sitio\/category\/primera-pagina\/\" rel=\"tag\">Primera Pagina<\/a>, <a href=\"https:\/\/isfd816-chu.infd.edu.ar\/sitio\/category\/sin-categoria\/\" rel=\"tag\">Sin categor\u00eda<\/a><\/span><\/div>\t\t\t\t\t\t<\/header><!-- .entry-header -->\n\t\t\t\t\t\t\t<div class=\"wp-show-posts-image  wpsp-image-center \">\n\t\t\t<a href=\"https:\/\/isfd816-chu.infd.edu.ar\/sitio\/feria-ecoemprende-2da-edicion\/\"  title=\"Feria EcoEmprende &#8211; 2da edici\u00f3n\">\t\t\t\t\t<img src=\"https:\/\/isfd816-chu.infd.edu.ar\/sitio\/wp-content\/uploads\/2025\/06\/Ecoemprende-logo-400x200.jpeg\" alt=\"Feria EcoEmprende &#8211; 2da edici\u00f3n\" itemprop=\"image\" class=\"center\" \/>\n\t\t\t\t<\/a>\t\t<\/div>\n\t\t\t\t\t\t\t\t<div class=\"wp-show-posts-entry-summary\" itemprop=\"text\">\n\t\t\t\t\t\t\t<p>A pedido de ustedes nos pusimos las pilas y lanzamos la 2da Edici\u00f3n de EcoEmprende!!!! &#x1f49c;&#x1f9e1;Su energ\u00eda nos incentiv\u00f3 a seguir y hoy queremos invitar a todos los emprendedores productores&#8230;<\/p>\n\t\t\t\t\t\t<\/div><!-- .entry-summary -->\n\t\t\t\t\t<div class=\"wpsp-read-more\"><a title=\"Feria EcoEmprende &#8211; 2da edici\u00f3n\" class=\"wp-show-posts-read-more\" href=\"https:\/\/isfd816-chu.infd.edu.ar\/sitio\/feria-ecoemprende-2da-edicion\/\">leer m\u00e1s<\/a><\/div><\/div><!-- wp-show-posts-inner --><\/article><div class=\"wpsp-clear\"><\/div><\/section><!-- .wp-show-posts --><\/div>\n<div style=\"background-color: rgba(255, 255, 255, 0.5); width: 100%; height: 100%; padding: 10px;\"><style>.wp-show-posts-columns#wpsp-981 {margin-left: -2em; }.wp-show-posts-columns#wpsp-981 .wp-show-posts-inner {margin: 0 0 2em 2em; }<\/style><section id=\"wpsp-981\" class=\" wp-show-posts-columns wp-show-posts\" style=\"\"><article class=\" wp-show-posts-single post-3251 post type-post status-publish format-standard has-post-thumbnail hentry category-llamados category-noticias category-primera-pagina category-sin-categoria tag-administracion-publica tag-educacion-primaria tag-geografia tag-llamados tag-turismo tag-unidades-curriculares wpsp-col-4\" itemtype=\"http:\/\/schema.org\/CreativeWork\" itemscope><div class=\"wp-show-posts-inner\" style=\"\">\t\t\t\t\t\t<header class=\"wp-show-posts-entry-header\">\n\t\t\t\t\t\t\t<h2 class=\"wp-show-posts-entry-title\" itemprop=\"headline\"><a href=\"https:\/\/isfd816-chu.infd.edu.ar\/sitio\/llamado-uc-5\/\" rel=\"bookmark\">Llamado UC<\/a><\/h2><div class=\"wp-show-posts-entry-meta wp-show-posts-entry-meta-below-title post-meta-inline\"><span class=\"wp-show-posts-posted-on wp-show-posts-meta\">\n\t\t\t\t\t<a href=\"https:\/\/isfd816-chu.infd.edu.ar\/sitio\/llamado-uc-5\/\" title=\"7:38 pm\" rel=\"bookmark\"><time class=\"wp-show-posts-entry-date published\" datetime=\"2025-07-21T19:38:22-03:00\" itemprop=\"datePublished\">21 julio, 2025<\/time><time class=\"wp-show-posts-updated\" datetime=\"2025-07-21T19:43:56-03:00\" itemprop=\"dateModified\">21 julio, 2025<\/time><\/a>\n\t\t\t\t<\/span> <span class=\"wp-show-posts-separator\">|<\/span> <span class=\"wp-show-posts-terms wp-show-posts-meta\"><a href=\"https:\/\/isfd816-chu.infd.edu.ar\/sitio\/category\/llamados\/\" rel=\"tag\">Llamados<\/a>, <a href=\"https:\/\/isfd816-chu.infd.edu.ar\/sitio\/category\/noticias\/\" rel=\"tag\">Noticias<\/a>, <a href=\"https:\/\/isfd816-chu.infd.edu.ar\/sitio\/category\/primera-pagina\/\" rel=\"tag\">Primera Pagina<\/a>, <a href=\"https:\/\/isfd816-chu.infd.edu.ar\/sitio\/category\/sin-categoria\/\" rel=\"tag\">Sin categor\u00eda<\/a><\/span><\/div>\t\t\t\t\t\t<\/header><!-- .entry-header -->\n\t\t\t\t\t\t\t<div class=\"wp-show-posts-image  wpsp-image-center \">\n\t\t\t<a href=\"https:\/\/isfd816-chu.infd.edu.ar\/sitio\/llamado-uc-5\/\"  title=\"Llamado UC\">\t\t\t\t\t<img src=\"https:\/\/isfd816-chu.infd.edu.ar\/sitio\/wp-content\/uploads\/2024\/09\/Noticias_amarilla-400x200.png\" alt=\"Llamado UC\" itemprop=\"image\" class=\"center\" \/>\n\t\t\t\t<\/a>\t\t<\/div>\n\t\t\t\t\t\t\t\t<div class=\"wp-show-posts-entry-summary\" itemprop=\"text\">\n\t\t\t\t\t\t\t<p>La Direcci\u00f3n del ISFD N\u00ba816 de la ciudad de Rawson hace el llamado abierto y p\u00fablico para la cobertura de las siguientes Unidades Curriculares del Ciclo lectivo 2025:PROFESORADO DE EDUCACI\u00d3N&#8230;<\/p>\n\t\t\t\t\t\t<\/div><!-- .entry-summary -->\n\t\t\t\t\t<div class=\"wpsp-read-more\"><a title=\"Llamado UC\" class=\"wp-show-posts-read-more\" href=\"https:\/\/isfd816-chu.infd.edu.ar\/sitio\/llamado-uc-5\/\">leer m\u00e1s<\/a><\/div><\/div><!-- wp-show-posts-inner --><\/article><article class=\" wp-show-posts-single post-3229 post type-post status-publish format-standard has-post-thumbnail hentry category-llamados category-noticias category-primera-pagina category-sin-categoria tag-llamado tag-llamados-2025 tag-matematica tag-paso-de-indios tag-turismo tag-unidades-curriculares wpsp-col-4\" itemtype=\"http:\/\/schema.org\/CreativeWork\" itemscope><div class=\"wp-show-posts-inner\" style=\"\">\t\t\t\t\t\t<header class=\"wp-show-posts-entry-header\">\n\t\t\t\t\t\t\t<h2 class=\"wp-show-posts-entry-title\" itemprop=\"headline\"><a href=\"https:\/\/isfd816-chu.infd.edu.ar\/sitio\/llamado-uc-tec-sup-en-turismo-paso-de-indios-2\/\" rel=\"bookmark\">Llamado UC (Tec. Sup. en Turismo &#8211; Paso de Indios)<\/a><\/h2><div class=\"wp-show-posts-entry-meta wp-show-posts-entry-meta-below-title post-meta-inline\"><span class=\"wp-show-posts-posted-on wp-show-posts-meta\">\n\t\t\t\t\t<a href=\"https:\/\/isfd816-chu.infd.edu.ar\/sitio\/llamado-uc-tec-sup-en-turismo-paso-de-indios-2\/\" title=\"7:33 pm\" rel=\"bookmark\"><time class=\"wp-show-posts-entry-date published\" datetime=\"2025-06-09T19:33:06-03:00\" itemprop=\"datePublished\">9 junio, 2025<\/time><time class=\"wp-show-posts-updated\" datetime=\"2025-06-12T13:13:24-03:00\" itemprop=\"dateModified\">12 junio, 2025<\/time><\/a>\n\t\t\t\t<\/span> <span class=\"wp-show-posts-separator\">|<\/span> <span class=\"wp-show-posts-terms wp-show-posts-meta\"><a href=\"https:\/\/isfd816-chu.infd.edu.ar\/sitio\/category\/llamados\/\" rel=\"tag\">Llamados<\/a>, <a href=\"https:\/\/isfd816-chu.infd.edu.ar\/sitio\/category\/noticias\/\" rel=\"tag\">Noticias<\/a>, <a href=\"https:\/\/isfd816-chu.infd.edu.ar\/sitio\/category\/primera-pagina\/\" rel=\"tag\">Primera Pagina<\/a>, <a href=\"https:\/\/isfd816-chu.infd.edu.ar\/sitio\/category\/sin-categoria\/\" rel=\"tag\">Sin categor\u00eda<\/a><\/span><\/div>\t\t\t\t\t\t<\/header><!-- .entry-header -->\n\t\t\t\t\t\t\t<div class=\"wp-show-posts-image  wpsp-image-center \">\n\t\t\t<a href=\"https:\/\/isfd816-chu.infd.edu.ar\/sitio\/llamado-uc-tec-sup-en-turismo-paso-de-indios-2\/\"  title=\"Llamado UC (Tec. Sup. en Turismo &#8211; Paso de Indios)\">\t\t\t\t\t<img src=\"https:\/\/isfd816-chu.infd.edu.ar\/sitio\/wp-content\/uploads\/2024\/09\/Noticias-Naranja-400x200.png\" alt=\"Llamado UC (Tec. Sup. en Turismo &#8211; Paso de Indios)\" itemprop=\"image\" class=\"center\" \/>\n\t\t\t\t<\/a>\t\t<\/div>\n\t\t\t\t\t\t\t\t<div class=\"wp-show-posts-entry-summary\" itemprop=\"text\">\n\t\t\t\t\t\t\t<p>La Direcci\u00f3n del Instituto de Educaci\u00f3n Superior N\u00b0 816 de la ciudad de Rawson hace el 3\u00b0 llamado para la cobertura de la Unidad Curricular Matem\u00e1tica Aplicada con Orientaci\u00f3n Financiera&#8230;<\/p>\n\t\t\t\t\t\t<\/div><!-- .entry-summary -->\n\t\t\t\t\t<div class=\"wpsp-read-more\"><a title=\"Llamado UC (Tec. Sup. en Turismo &#8211; Paso de Indios)\" class=\"wp-show-posts-read-more\" href=\"https:\/\/isfd816-chu.infd.edu.ar\/sitio\/llamado-uc-tec-sup-en-turismo-paso-de-indios-2\/\">leer m\u00e1s<\/a><\/div><\/div><!-- wp-show-posts-inner --><\/article><article class=\" wp-show-posts-single post-3217 post type-post status-publish format-standard has-post-thumbnail hentry category-llamados category-noticias category-primera-pagina category-sin-categoria tag-llamado-docente tag-llamados-2025 tag-paso-de-indios tag-turismo tag-unidades-curriculares wpsp-col-4\" itemtype=\"http:\/\/schema.org\/CreativeWork\" itemscope><div class=\"wp-show-posts-inner\" style=\"\">\t\t\t\t\t\t<header class=\"wp-show-posts-entry-header\">\n\t\t\t\t\t\t\t<h2 class=\"wp-show-posts-entry-title\" itemprop=\"headline\"><a href=\"https:\/\/isfd816-chu.infd.edu.ar\/sitio\/llamado-uc-tec-sup-en-turismo-paso-de-indios\/\" rel=\"bookmark\">Llamado UC (Tec. Sup. en Turismo &#8211; Paso de Indios)<\/a><\/h2><div class=\"wp-show-posts-entry-meta wp-show-posts-entry-meta-below-title post-meta-inline\"><span class=\"wp-show-posts-posted-on wp-show-posts-meta\">\n\t\t\t\t\t<a href=\"https:\/\/isfd816-chu.infd.edu.ar\/sitio\/llamado-uc-tec-sup-en-turismo-paso-de-indios\/\" title=\"10:05 am\" rel=\"bookmark\"><time class=\"wp-show-posts-entry-date published\" datetime=\"2025-06-04T10:05:02-03:00\" itemprop=\"datePublished\">4 junio, 2025<\/time><time class=\"wp-show-posts-updated\" datetime=\"2025-06-04T11:22:00-03:00\" itemprop=\"dateModified\">4 junio, 2025<\/time><\/a>\n\t\t\t\t<\/span> <span class=\"wp-show-posts-separator\">|<\/span> <span class=\"wp-show-posts-terms wp-show-posts-meta\"><a href=\"https:\/\/isfd816-chu.infd.edu.ar\/sitio\/category\/llamados\/\" rel=\"tag\">Llamados<\/a>, <a href=\"https:\/\/isfd816-chu.infd.edu.ar\/sitio\/category\/noticias\/\" rel=\"tag\">Noticias<\/a>, <a href=\"https:\/\/isfd816-chu.infd.edu.ar\/sitio\/category\/primera-pagina\/\" rel=\"tag\">Primera Pagina<\/a>, <a href=\"https:\/\/isfd816-chu.infd.edu.ar\/sitio\/category\/sin-categoria\/\" rel=\"tag\">Sin categor\u00eda<\/a><\/span><\/div>\t\t\t\t\t\t<\/header><!-- .entry-header -->\n\t\t\t\t\t\t\t<div class=\"wp-show-posts-image  wpsp-image-center \">\n\t\t\t<a href=\"https:\/\/isfd816-chu.infd.edu.ar\/sitio\/llamado-uc-tec-sup-en-turismo-paso-de-indios\/\"  title=\"Llamado UC (Tec. Sup. en Turismo &#8211; Paso de Indios)\">\t\t\t\t\t<img src=\"https:\/\/isfd816-chu.infd.edu.ar\/sitio\/wp-content\/uploads\/2024\/09\/Noticias-Naranja-400x200.png\" alt=\"Llamado UC (Tec. Sup. en Turismo &#8211; Paso de Indios)\" itemprop=\"image\" class=\"center\" \/>\n\t\t\t\t<\/a>\t\t<\/div>\n\t\t\t\t\t\t\t\t<div class=\"wp-show-posts-entry-summary\" itemprop=\"text\">\n\t\t\t\t\t\t\t<p>La Direcci\u00f3n del Instituto de Educaci\u00f3n Superior N\u00b0 816 de la ciudad de Rawson hace el 2\u00b0 llamado para la cobertura de la siguiente Unidad Curricular: MATEM\u00c1TICA APLICADA CON ORIENTACI\u00d3N&#8230;<\/p>\n\t\t\t\t\t\t<\/div><!-- .entry-summary -->\n\t\t\t\t\t<div class=\"wpsp-read-more\"><a title=\"Llamado UC (Tec. Sup. en Turismo &#8211; Paso de Indios)\" class=\"wp-show-posts-read-more\" href=\"https:\/\/isfd816-chu.infd.edu.ar\/sitio\/llamado-uc-tec-sup-en-turismo-paso-de-indios\/\">leer m\u00e1s<\/a><\/div><\/div><!-- wp-show-posts-inner --><\/article><div class=\"wpsp-clear\"><\/div><\/section><!-- .wp-show-posts --><\/div>\n<p><a href=\"https:\/\/drive.google.com\/file\/d\/1yFHduMf6BF1lH4OAZk57KQhtyCK6RAxE\/view?usp=drive_link\" target=\"_blank\" rel=\"noreferrer noopener\">Profesorado de Educaci\u00f3n Secundaria en Econom\u00eda<\/a><\/p>\n<p><a href=\"https:\/\/drive.google.com\/file\/d\/1IbSknUFIUGbyPDiXOhdmq9J7rdSl_dFE\/view?usp=drive_link\" target=\"_blank\" rel=\"noreferrer noopener\">Profesorado de Educaci\u00f3n Secundaria en Geograf\u00eda<\/a><\/p>\n<p><a href=\"https:\/\/drive.google.com\/file\/d\/1BxL7IKspu_rpqFdsg6RU__hF5QBQ_Z7A\/view?usp=drive_link\" target=\"_blank\" rel=\"noreferrer noopener\">Profesorado en Educaci\u00f3n Tecnol\u00f3gica<\/a><\/p>\n<p><a href=\"https:\/\/drive.google.com\/file\/d\/1IrYOI1lJvXcV7LHjm7f7a7TafXFMqNbV\/view?usp=drive_link\" target=\"_blank\" rel=\"noreferrer noopener\">Profesorado de Educaci\u00f3n Secundaria en Matem\u00e1tica<\/a><\/p>\n<p><a href=\"https:\/\/drive.google.com\/file\/d\/1a9z8cdJ6QGuyoMlgyOofBcETjkzCHgfQ\/view?usp=drive_link\" target=\"_blank\" rel=\"noreferrer noopener\">Tecnicatura Superior en Administraci\u00f3n P\u00fablica<\/a><\/p>\n<p><a href=\"https:\/\/drive.google.com\/file\/d\/17lzNBYJ0ZLroTP8gk6kYrN6rW6rqIZxd\/view?usp=drive_link\" target=\"_blank\" rel=\"noreferrer noopener\">Tecnicatura Superior en Estimulaci\u00f3n Temprana<\/a><\/p>\n<p><a href=\"https:\/\/drive.google.com\/file\/d\/1HUCxA0YnCMMyccNBm6hNKLDYdsgHZCzH\/view?usp=sharing\" target=\"_blank\" rel=\"noreferrer noopener\">Tecnicatura Superior en Ni\u00f1ez, Adolescencia y Familia<\/a><\/p>\n","protected":false},"excerpt":{"rendered":"<p>&nbsp; Acceso al link para acceder a los requisitos y documentaci\u00f3n para ingresantes. PREINSCRIPCI\u00d3N 2026 Compartimos el link de inscripci\u00f3n de la oferta 2025 y el c\u00f3digo QR para acceder a las Inscripciones 2025, que genera el Ministerio de Educaci\u00f3n. Inscripci\u00f2n a partir del d\u00eda 17\/11\/2025 hasta ek 15\/12\/2025 se pueden comenzar a inscribir. \u00a0 &#8230; <a title=\"Llamado UC (Tec. Sup. en Turismo &#8211; Paso de Indios)\" class=\"read-more\" href=\"https:\/\/isfd816-chu.infd.edu.ar\/sitio\/llamado-uc-tec-sup-en-turismo-paso-de-indios\/\" aria-label=\"More on Llamado UC (Tec. Sup. en Turismo &#8211; Paso de Indios)\">[+]<\/a><\/p>\n","protected":false},"author":1,"featured_media":0,"parent":0,"menu_order":-1,"comment_status":"closed","ping_status":"closed","template":"","meta":[],"acf":[],"_links":{"self":[{"href":"https:\/\/isfd816-chu.infd.edu.ar\/sitio\/wp-json\/wp\/v2\/pages\/286"}],"collection":[{"href":"https:\/\/isfd816-chu.infd.edu.ar\/sitio\/wp-json\/wp\/v2\/pages"}],"about":[{"href":"https:\/\/isfd816-chu.infd.edu.ar\/sitio\/wp-json\/wp\/v2\/types\/page"}],"author":[{"embeddable":true,"href":"https:\/\/isfd816-chu.infd.edu.ar\/sitio\/wp-json\/wp\/v2\/users\/1"}],"replies":[{"embeddable":true,"href":"https:\/\/isfd816-chu.infd.edu.ar\/sitio\/wp-json\/wp\/v2\/comments?post=286"}],"version-history":[{"count":506,"href":"https:\/\/isfd816-chu.infd.edu.ar\/sitio\/wp-json\/wp\/v2\/pages\/286\/revisions"}],"predecessor-version":[{"id":3434,"href":"https:\/\/isfd816-chu.infd.edu.ar\/sitio\/wp-json\/wp\/v2\/pages\/286\/revisions\/3434"}],"wp:attachment":[{"href":"https:\/\/isfd816-chu.infd.edu.ar\/sitio\/wp-json\/wp\/v2\/media?parent=286"}],"curies":[{"name":"wp","href":"https:\/\/api.w.org\/{rel}","templated":true}]}}