{"id":3264,"date":"2025-07-31T19:55:13","date_gmt":"2025-07-31T22:55:13","guid":{"rendered":"https:\/\/isfd816-chu.infd.edu.ar\/sitio\/?page_id=3264"},"modified":"2026-02-19T19:08:43","modified_gmt":"2026-02-19T22:08:43","slug":"revista-institucional-digital-entre-lineas-superiores","status":"publish","type":"page","link":"https:\/\/isfd816-chu.infd.edu.ar\/sitio\/revista-institucional-digital-entre-lineas-superiores\/","title":{"rendered":"Revista Institucional Digital: Entre L\u00edneas Superiores"},"content":{"rendered":"\n<p>A continuaci\u00f3n encontrar\u00e1n las ediciones que hemos publicado de nuestra revista digital.<\/p>\n\n\n\n<p>Revista Digital &#8211;  <a href=\"https:\/\/www.calameo.com\/read\/0077699018bf074c0a271\" data-type=\"URL\" data-id=\"https:\/\/www.calameo.com\/read\/007769901e34b1df022e8\" target=\"_blank\" rel=\"noreferrer noopener\">N\u00famero 3<\/a><\/p>\n\n\n\n<p>Revista Digital &#8211;  <a href=\"https:\/\/www.calameo.com\/read\/007769901e34b1df022e8\" data-type=\"URL\" data-id=\"https:\/\/www.calameo.com\/read\/007769901e34b1df022e8\" target=\"_blank\" rel=\"noreferrer noopener\">N\u00famero 2<\/a><\/p>\n\n\n\n<p>Revista Digital &#8211; <a href=\"https:\/\/www.calameo.com\/books\/0077699018c6ddbe76521\" data-type=\"URL\" data-id=\"https:\/\/www.calameo.com\/books\/0077699018c6ddbe76521\">N\u00famero 1<\/a><\/p>\n\n\n\n<figure class=\"wp-block-image size-full is-resized is-style-default\"><img decoding=\"async\" loading=\"lazy\" src=\"https:\/\/isfd816-chu.infd.edu.ar\/sitio\/wp-content\/uploads\/2025\/12\/portada-3\u00b0-edicion-revista-ELS-IES-816.jpg\" alt=\"\" class=\"wp-image-3377\" width=\"870\" height=\"1224\"\/><\/figure>\n\n\n\n<p><\/p>\n","protected":false},"excerpt":{"rendered":"<p>A continuaci\u00f3n encontrar\u00e1n las ediciones que hemos publicado de nuestra revista digital. Revista Digital &#8211; N\u00famero 3 Revista Digital &#8211; N\u00famero 2 Revista Digital &#8211; N\u00famero 1<\/p>\n","protected":false},"author":9,"featured_media":0,"parent":0,"menu_order":0,"comment_status":"closed","ping_status":"closed","template":"","meta":[],"acf":[],"_links":{"self":[{"href":"https:\/\/isfd816-chu.infd.edu.ar\/sitio\/wp-json\/wp\/v2\/pages\/3264"}],"collection":[{"href":"https:\/\/isfd816-chu.infd.edu.ar\/sitio\/wp-json\/wp\/v2\/pages"}],"about":[{"href":"https:\/\/isfd816-chu.infd.edu.ar\/sitio\/wp-json\/wp\/v2\/types\/page"}],"author":[{"embeddable":true,"href":"https:\/\/isfd816-chu.infd.edu.ar\/sitio\/wp-json\/wp\/v2\/users\/9"}],"replies":[{"embeddable":true,"href":"https:\/\/isfd816-chu.infd.edu.ar\/sitio\/wp-json\/wp\/v2\/comments?post=3264"}],"version-history":[{"count":7,"href":"https:\/\/isfd816-chu.infd.edu.ar\/sitio\/wp-json\/wp\/v2\/pages\/3264\/revisions"}],"predecessor-version":[{"id":3408,"href":"https:\/\/isfd816-chu.infd.edu.ar\/sitio\/wp-json\/wp\/v2\/pages\/3264\/revisions\/3408"}],"wp:attachment":[{"href":"https:\/\/isfd816-chu.infd.edu.ar\/sitio\/wp-json\/wp\/v2\/media?parent=3264"}],"curies":[{"name":"wp","href":"https:\/\/api.w.org\/{rel}","templated":true}]}}