{"id":3454,"date":"2026-03-11T18:17:04","date_gmt":"2026-03-11T21:17:04","guid":{"rendered":"https:\/\/isfd816-chu.infd.edu.ar\/sitio\/?page_id=3454"},"modified":"2026-03-11T18:51:06","modified_gmt":"2026-03-11T21:51:06","slug":"recursos-para-docente","status":"publish","type":"page","link":"https:\/\/isfd816-chu.infd.edu.ar\/sitio\/recursos-para-docente\/","title":{"rendered":"RECURSOS PARA DOCENTES"},"content":{"rendered":"\n<p>Estimados colegas, compartimos algunos recursos elaborados para acompa\u00f1ar el trabajo docente y facilitar tareas de uso institucional. Se trata de modelos orientativos, pensados como herramientas de apoyo, que podr\u00e1n ser retomados de manera parcial o total, seg\u00fan las necesidades de cada unidad curricular y en el marco de los acuerdos institucionales.<\/p>\n\n\n\n<p>Ponemos a disposici\u00f3n los siguientes materiales:<\/p>\n\n\n\n<p><a rel=\"noreferrer noopener\" href=\"https:\/\/docs.google.com\/document\/d\/17FabuLFaaLqVpDvv5xf18MUkGcick5m1\/edit?usp=drive_link&amp;ouid=108853688405707583305&amp;rtpof=true&amp;sd=true\" target=\"_blank\">Modelo de Contrato Pedag\u00f3gico<\/a><\/p>\n\n\n\n<p><a href=\"https:\/\/docs.google.com\/spreadsheets\/d\/1zR4GLJwbksPm_y2IIR8pl61_KcFTBxAK\/edit?usp=drive_link&amp;ouid=108853688405707583305&amp;rtpof=true&amp;sd=true\" target=\"_blank\" rel=\"noreferrer noopener\">Modelo de Planilla de Asistencia<\/a><\/p>\n\n\n\n<p><a href=\"https:\/\/drive.google.com\/file\/d\/1D34kCHGvbjilemAt6B2v9DJJMDFcpO4-\/view?usp=drive_link\" target=\"_blank\" rel=\"noreferrer noopener\">Video Tutorial Planilla de Asistencia Modelo<\/a><\/p>\n","protected":false},"excerpt":{"rendered":"<p>Estimados colegas, compartimos algunos recursos elaborados para acompa\u00f1ar el trabajo docente y facilitar tareas de uso institucional. Se trata de modelos orientativos, pensados como herramientas de apoyo, que podr\u00e1n ser retomados de manera parcial o total, seg\u00fan las necesidades de cada unidad curricular y en el marco de los acuerdos institucionales. Ponemos a disposici\u00f3n los &#8230; <a title=\"RECURSOS PARA DOCENTES\" class=\"read-more\" href=\"https:\/\/isfd816-chu.infd.edu.ar\/sitio\/recursos-para-docente\/\" aria-label=\"More on RECURSOS PARA DOCENTES\">[+]<\/a><\/p>\n","protected":false},"author":9,"featured_media":0,"parent":0,"menu_order":0,"comment_status":"closed","ping_status":"closed","template":"","meta":[],"acf":[],"_links":{"self":[{"href":"https:\/\/isfd816-chu.infd.edu.ar\/sitio\/wp-json\/wp\/v2\/pages\/3454"}],"collection":[{"href":"https:\/\/isfd816-chu.infd.edu.ar\/sitio\/wp-json\/wp\/v2\/pages"}],"about":[{"href":"https:\/\/isfd816-chu.infd.edu.ar\/sitio\/wp-json\/wp\/v2\/types\/page"}],"author":[{"embeddable":true,"href":"https:\/\/isfd816-chu.infd.edu.ar\/sitio\/wp-json\/wp\/v2\/users\/9"}],"replies":[{"embeddable":true,"href":"https:\/\/isfd816-chu.infd.edu.ar\/sitio\/wp-json\/wp\/v2\/comments?post=3454"}],"version-history":[{"count":3,"href":"https:\/\/isfd816-chu.infd.edu.ar\/sitio\/wp-json\/wp\/v2\/pages\/3454\/revisions"}],"predecessor-version":[{"id":3459,"href":"https:\/\/isfd816-chu.infd.edu.ar\/sitio\/wp-json\/wp\/v2\/pages\/3454\/revisions\/3459"}],"wp:attachment":[{"href":"https:\/\/isfd816-chu.infd.edu.ar\/sitio\/wp-json\/wp\/v2\/media?parent=3454"}],"curies":[{"name":"wp","href":"https:\/\/api.w.org\/{rel}","templated":true}]}}