{"id":789,"date":"2018-08-30T14:07:26","date_gmt":"2018-08-30T17:07:26","guid":{"rendered":"https:\/\/isfd816-chu.infd.edu.ar\/sitio\/oficina-de-estudiantes\/"},"modified":"2025-05-23T10:36:48","modified_gmt":"2025-05-23T13:36:48","slug":"oficina-de-estudiantes","status":"publish","type":"page","link":"https:\/\/isfd816-chu.infd.edu.ar\/sitio\/oficina-de-estudiantes\/","title":{"rendered":"Oficina de estudiantes"},"content":{"rendered":"\n<p>La Oficina de Alumnos es un espacio clave dentro de nuestro instituto, est\u00e1 orientado a brindar acompa\u00f1amiento y apoyo a las trayectorias acad\u00e9micas de los estudiantes. Su principal objetivo es facilitar el acceso, la permanencia y la finalizaci\u00f3n de los estudios, promoviendo una experiencia educativa inclusiva y de calidad.<\/p>\n\n\n\n<p>Entre sus actividades principales se encuentran la orientaci\u00f3n sobre tr\u00e1mites acad\u00e9micos, la organizaci\u00f3n de inscripciones y mesas de examen, el seguimiento de la regularidad estudiantil, y la atenci\u00f3n a consultas o inquietudes vinculadas a la vida institucional.<\/p>\n\n\n\n<p>Nuestra Oficina de estudiantes est\u00e1 conformada por la <strong>Coordinadora Institucional de Pol\u00edticas Estudiantiles<\/strong>, Prof. Paola Molina, quien dise\u00f1a y articula estrategias de acompa\u00f1amiento estudiantil, y por las <strong>Bedeles<\/strong> Silvina D\u00edaz y Gladys, responsables de la gesti\u00f3n administrativa cotidiana y del contacto directo con los alumnos en temas operativos y organizativos.<\/p>\n\n\n\n<p>Adem\u00e1s, una de sus funciones fundamentales es la <strong>gesti\u00f3n de tr\u00e1mites vinculados a t\u00edtulos y pases<\/strong>, acompa\u00f1ando al estudiante tambi\u00e9n en el cierre formal de su carrera o en su continuidad acad\u00e9mica en otra instituci\u00f3n. En funci\u00f3n a estos tr\u00e1mites, compartimos las \u00faltimas disposiciones de la Direcci\u00f3n General de Educaci\u00f3n Superior, a trav\u00e9s de su Nota N\u00b0 336\/2025 DGES, la que se encuentra a continuaci\u00f3n.  <\/p>\n\n\n\n<p><\/p>\n\n\n\n<div class=\"wp-block-file\"><object class=\"wp-block-file__embed\" data=\"https:\/\/isfd816-chu.infd.edu.ar\/sitio\/wp-content\/uploads\/2025\/05\/nota-336-2025-a-IES-816.pdf\" type=\"application\/pdf\" style=\"width:100%;height:600px\" aria-label=\"Incrustado de nota-336-2025-a-IES-816.\"><\/object><a id=\"wp-block-file--media-1a750185-a6b6-45e9-a58e-eec6c5acbe77\" href=\"https:\/\/isfd816-chu.infd.edu.ar\/sitio\/wp-content\/uploads\/2025\/05\/nota-336-2025-a-IES-816.pdf\">nota-336-2025-a-IES-816<\/a><a href=\"https:\/\/isfd816-chu.infd.edu.ar\/sitio\/wp-content\/uploads\/2025\/05\/nota-336-2025-a-IES-816.pdf\" class=\"wp-block-file__button wp-element-button\" download aria-describedby=\"wp-block-file--media-1a750185-a6b6-45e9-a58e-eec6c5acbe77\">Descarga<\/a><\/div>\n\n\n\n<p><\/p>\n\n\n\n<p><\/p>\n","protected":false},"excerpt":{"rendered":"<p>La Oficina de Alumnos es un espacio clave dentro de nuestro instituto, est\u00e1 orientado a brindar acompa\u00f1amiento y apoyo a las trayectorias acad\u00e9micas de los estudiantes. Su principal objetivo es facilitar el acceso, la permanencia y la finalizaci\u00f3n de los estudios, promoviendo una experiencia educativa inclusiva y de calidad. Entre sus actividades principales se encuentran &#8230; <a title=\"Oficina de estudiantes\" class=\"read-more\" href=\"https:\/\/isfd816-chu.infd.edu.ar\/sitio\/oficina-de-estudiantes\/\" aria-label=\"More on Oficina de estudiantes\">[+]<\/a><\/p>\n","protected":false},"author":9,"featured_media":0,"parent":0,"menu_order":0,"comment_status":"closed","ping_status":"closed","template":"","meta":[],"acf":[],"_links":{"self":[{"href":"https:\/\/isfd816-chu.infd.edu.ar\/sitio\/wp-json\/wp\/v2\/pages\/789"}],"collection":[{"href":"https:\/\/isfd816-chu.infd.edu.ar\/sitio\/wp-json\/wp\/v2\/pages"}],"about":[{"href":"https:\/\/isfd816-chu.infd.edu.ar\/sitio\/wp-json\/wp\/v2\/types\/page"}],"author":[{"embeddable":true,"href":"https:\/\/isfd816-chu.infd.edu.ar\/sitio\/wp-json\/wp\/v2\/users\/9"}],"replies":[{"embeddable":true,"href":"https:\/\/isfd816-chu.infd.edu.ar\/sitio\/wp-json\/wp\/v2\/comments?post=789"}],"version-history":[{"count":7,"href":"https:\/\/isfd816-chu.infd.edu.ar\/sitio\/wp-json\/wp\/v2\/pages\/789\/revisions"}],"predecessor-version":[{"id":3216,"href":"https:\/\/isfd816-chu.infd.edu.ar\/sitio\/wp-json\/wp\/v2\/pages\/789\/revisions\/3216"}],"wp:attachment":[{"href":"https:\/\/isfd816-chu.infd.edu.ar\/sitio\/wp-json\/wp\/v2\/media?parent=789"}],"curies":[{"name":"wp","href":"https:\/\/api.w.org\/{rel}","templated":true}]}}