{"id":805,"date":"2018-08-30T14:07:33","date_gmt":"2018-08-30T17:07:33","guid":{"rendered":"https:\/\/isfd816-chu.infd.edu.ar\/sitio\/grilla-tipo-de-evaluacion\/"},"modified":"2026-04-24T21:44:03","modified_gmt":"2026-04-25T00:44:03","slug":"grilla-tipo-de-evaluacion","status":"publish","type":"page","link":"https:\/\/isfd816-chu.infd.edu.ar\/sitio\/grilla-tipo-de-evaluacion\/","title":{"rendered":"GRILLAS DE EVALUACI\u00d3N"},"content":{"rendered":"<p>Estimados colegas compartimos las grillas de Evaluaci\u00f3n de los proyectos y CV, que ser\u00e1n tenidas en cuentas al momento de los llamados para la coberturas de las Unidades Curriculares.<\/p>\n<p><span style=\"color: #222222; font-family: arial, sans-serif; font-size: 12pt;\"><strong>Descargar<\/strong><\/span><\/p>\n<p><a href=\"https:\/\/drive.google.com\/file\/d\/19rdZNbFwpfZvk7Qt43p02RhpcnP_R0Ar\/view?usp=drive_link\">Descargar Grilla de Evaluaci\u00f3n de Proyectos (En formato PDF)<\/a><\/p>\n<p><a href=\"https:\/\/drive.google.com\/file\/d\/1wHEhPgQisnSuFnpZUXVESV5d3NLAJGNL\/view?usp=sharing\">Descargar Grilla de Evaluaci\u00f3n de CV (En formato PDF)<\/a><\/p>\n<p><a href=\"https:\/\/drive.google.com\/file\/d\/1snHnOvFGp337pF59I_3xCkx0ayFBwjun\/view?usp=drive_link\">Descargar Grilla de Evaluaci\u00f3n CRAT<\/a><\/p>\n<p><a href=\"https:\/\/drive.google.com\/file\/d\/1TGoCcUJ76CRs5wNqRHNSecH83vlToYUL\/view?usp=sharing\">Descargar Grilla de Evaluaci\u00f3n SECRETARIO\/A ADMINISTRATIVO\/A (En <\/a><a href=\"https:\/\/drive.google.com\/file\/d\/1TGoCcUJ76CRs5wNqRHNSecH83vlToYUL\/view?usp=sharing\">formato <\/a><a href=\"https:\/\/drive.google.com\/file\/d\/1TGoCcUJ76CRs5wNqRHNSecH83vlToYUL\/view?usp=sharing\">PDF)<\/a><\/p>\n","protected":false},"excerpt":{"rendered":"<p>Estimados colegas compartimos las grillas de Evaluaci\u00f3n de los proyectos y CV, que ser\u00e1n tenidas en cuentas al momento de los llamados para la coberturas de las Unidades Curriculares. Descargar Descargar Grilla de Evaluaci\u00f3n de Proyectos (En formato PDF) Descargar Grilla de Evaluaci\u00f3n de CV (En formato PDF) Descargar Grilla de Evaluaci\u00f3n CRAT Descargar Grilla &#8230; <a title=\"GRILLAS DE EVALUACI\u00d3N\" class=\"read-more\" href=\"https:\/\/isfd816-chu.infd.edu.ar\/sitio\/grilla-tipo-de-evaluacion\/\" aria-label=\"More on GRILLAS DE EVALUACI\u00d3N\">[+]<\/a><\/p>\n","protected":false},"author":9,"featured_media":0,"parent":0,"menu_order":0,"comment_status":"closed","ping_status":"closed","template":"","meta":[],"acf":[],"_links":{"self":[{"href":"https:\/\/isfd816-chu.infd.edu.ar\/sitio\/wp-json\/wp\/v2\/pages\/805"}],"collection":[{"href":"https:\/\/isfd816-chu.infd.edu.ar\/sitio\/wp-json\/wp\/v2\/pages"}],"about":[{"href":"https:\/\/isfd816-chu.infd.edu.ar\/sitio\/wp-json\/wp\/v2\/types\/page"}],"author":[{"embeddable":true,"href":"https:\/\/isfd816-chu.infd.edu.ar\/sitio\/wp-json\/wp\/v2\/users\/9"}],"replies":[{"embeddable":true,"href":"https:\/\/isfd816-chu.infd.edu.ar\/sitio\/wp-json\/wp\/v2\/comments?post=805"}],"version-history":[{"count":9,"href":"https:\/\/isfd816-chu.infd.edu.ar\/sitio\/wp-json\/wp\/v2\/pages\/805\/revisions"}],"predecessor-version":[{"id":3516,"href":"https:\/\/isfd816-chu.infd.edu.ar\/sitio\/wp-json\/wp\/v2\/pages\/805\/revisions\/3516"}],"wp:attachment":[{"href":"https:\/\/isfd816-chu.infd.edu.ar\/sitio\/wp-json\/wp\/v2\/media?parent=805"}],"curies":[{"name":"wp","href":"https:\/\/api.w.org\/{rel}","templated":true}]}}