{"id":849,"date":"2018-08-30T14:07:38","date_gmt":"2018-08-30T17:07:38","guid":{"rendered":"https:\/\/isfd816-chu.infd.edu.ar\/sitio\/diseno-curricular-ingles\/"},"modified":"2022-03-02T22:34:22","modified_gmt":"2022-03-03T01:34:22","slug":"diseno-curricular-ingles","status":"publish","type":"page","link":"https:\/\/isfd816-chu.infd.edu.ar\/sitio\/diseno-curricular-ingles\/","title":{"rendered":"Dise\u00f1o Curricular Ingl\u00e9s"},"content":{"rendered":"<p><span style=\"font-size: 12pt;\"><a href=\"https:\/\/drive.google.com\/file\/d\/0B4iaAWuVd3JiWWFaYU1xZDJOU1E\/view?usp=sharing&amp;resourcekey=0-bZ70jt_szAFgbt1xC4bMGg\">Profesorado de Ingl\u00e9s para el Tercer ciclo de la Educaci\u00f3n General B\u00e1sica y de la educaci\u00f3n Polimodal (a partir de la cohorte 2007) I<\/a>\u00a0<\/span><\/p>\n<p><span style=\"font-size: 12pt;\"><a href=\"https:\/\/drive.google.com\/file\/d\/0B4iaAWuVd3JicnZheW1YSS1oaDA\/view?usp=sharing\">Profesorado de Ingl\u00e9s para el Tercer ciclo de la Educaci\u00f3n General B\u00e1sica y de la educaci\u00f3n Polimodal (a partir de la cohorte 2007) II<\/a><\/span><\/p>\n<p><span style=\"font-size: 12pt;\"><a href=\"https:\/\/drive.google.com\/file\/d\/0B4iaAWuVd3JiUDk3Q2YzUC0wdWc\/view?usp=sharing&amp;resourcekey=0-yet6bEf51ZrTYnWixZTB4w\">Profesorado de Educaci\u00f3n Secundaria en Ingl\u00e9s (a partir de la cohorte (2009)<\/a>\u00a0<\/span><\/p>\n<div><span style=\"font-size: 12pt;\"><a href=\"https:\/\/drive.google.com\/file\/d\/1dz6uULbXRd-iBCpr5bkW2oBgHRCmtvXB\/view?usp=sharing\">Profesorado de Ingl\u00e9s (a partir de la cohorte 2015<\/a>)<\/span><\/div>\n","protected":false},"excerpt":{"rendered":"<p>Profesorado de Ingl\u00e9s para el Tercer ciclo de la Educaci\u00f3n General B\u00e1sica y de la educaci\u00f3n Polimodal (a partir de la cohorte 2007) I\u00a0 Profesorado de Ingl\u00e9s para el Tercer ciclo de la Educaci\u00f3n General B\u00e1sica y de la educaci\u00f3n Polimodal (a partir de la cohorte 2007) II Profesorado de Educaci\u00f3n Secundaria en Ingl\u00e9s (a &#8230; <a title=\"Dise\u00f1o Curricular Ingl\u00e9s\" class=\"read-more\" href=\"https:\/\/isfd816-chu.infd.edu.ar\/sitio\/diseno-curricular-ingles\/\" aria-label=\"More on Dise\u00f1o Curricular Ingl\u00e9s\">[+]<\/a><\/p>\n","protected":false},"author":9,"featured_media":0,"parent":0,"menu_order":0,"comment_status":"closed","ping_status":"closed","template":"","meta":[],"acf":[],"_links":{"self":[{"href":"https:\/\/isfd816-chu.infd.edu.ar\/sitio\/wp-json\/wp\/v2\/pages\/849"}],"collection":[{"href":"https:\/\/isfd816-chu.infd.edu.ar\/sitio\/wp-json\/wp\/v2\/pages"}],"about":[{"href":"https:\/\/isfd816-chu.infd.edu.ar\/sitio\/wp-json\/wp\/v2\/types\/page"}],"author":[{"embeddable":true,"href":"https:\/\/isfd816-chu.infd.edu.ar\/sitio\/wp-json\/wp\/v2\/users\/9"}],"replies":[{"embeddable":true,"href":"https:\/\/isfd816-chu.infd.edu.ar\/sitio\/wp-json\/wp\/v2\/comments?post=849"}],"version-history":[{"count":2,"href":"https:\/\/isfd816-chu.infd.edu.ar\/sitio\/wp-json\/wp\/v2\/pages\/849\/revisions"}],"predecessor-version":[{"id":2010,"href":"https:\/\/isfd816-chu.infd.edu.ar\/sitio\/wp-json\/wp\/v2\/pages\/849\/revisions\/2010"}],"wp:attachment":[{"href":"https:\/\/isfd816-chu.infd.edu.ar\/sitio\/wp-json\/wp\/v2\/media?parent=849"}],"curies":[{"name":"wp","href":"https:\/\/api.w.org\/{rel}","templated":true}]}}